{"id":165,"date":"2023-03-03T17:07:27","date_gmt":"2023-03-03T16:07:27","guid":{"rendered":"https:\/\/pi.grafikpunktdesign.com\/references\/"},"modified":"2023-03-03T22:03:32","modified_gmt":"2023-03-03T21:03:32","slug":"references","status":"publish","type":"page","link":"https:\/\/www.project-innovations.de\/en\/references\/","title":{"rendered":"references"},"content":{"rendered":"<p>[et_pb_section fb_built=&#8221;1&#8243; admin_label=&#8221;section&#8221; _builder_version=&#8221;4.20.0&#8243; background_color=&#8221;#FFFFFF&#8221; custom_padding=&#8221;55px||17px||false|&#8221; global_colors_info=&#8221;{}&#8221;][et_pb_row admin_label=&#8221;row&#8221; _builder_version=&#8221;4.20.0&#8243; background_size=&#8221;initial&#8221; background_position=&#8221;top_left&#8221; background_repeat=&#8221;repeat&#8221; custom_padding=&#8221;||14px|||&#8221; global_colors_info=&#8221;{}&#8221;][et_pb_column type=&#8221;4_4&#8243; _builder_version=&#8221;4.16&#8243; custom_padding=&#8221;|||&#8221; global_colors_info=&#8221;{}&#8221; custom_padding__hover=&#8221;|||&#8221;][et_pb_text _builder_version=&#8221;4.20.0&#8243; _dynamic_attributes=&#8221;content&#8221; _module_preset=&#8221;default&#8221; text_text_color=&#8221;#51B3D8&#8243; text_font_size=&#8221;28px&#8221; global_colors_info=&#8221;{}&#8221;]@ET-DC@eyJkeW5hbWljIjp0cnVlLCJjb250ZW50IjoicG9zdF90aXRsZSIsInNldHRpbmdzIjp7ImJlZm9yZSI6IiIsImFmdGVyIjoiIn19@[\/et_pb_text][\/et_pb_column][\/et_pb_row][\/et_pb_section][et_pb_section fb_built=&#8221;1&#8243; _builder_version=&#8221;4.20.0&#8243; _module_preset=&#8221;default&#8221; custom_padding=&#8221;11px||19px|||&#8221; border_width_bottom=&#8221;2px&#8221; border_color_bottom=&#8221;#e5e5e5&#8243; global_colors_info=&#8221;{}&#8221;][et_pb_row _builder_version=&#8221;4.20.0&#8243; _module_preset=&#8221;default&#8221; global_colors_info=&#8221;{}&#8221;][et_pb_column type=&#8221;4_4&#8243; _builder_version=&#8221;4.20.0&#8243; _module_preset=&#8221;default&#8221; global_colors_info=&#8221;{}&#8221;][et_pb_text _builder_version=&#8221;4.20.0&#8243; _module_preset=&#8221;default&#8221; text_text_color=&#8221;#000000&#8243; link_text_color=&#8221;#000000&#8243; header_text_color=&#8221;#595959&#8243; header_2_text_color=&#8221;#757575&#8243; header_2_font_size=&#8221;25px&#8221; header_2_line_height=&#8221;1.5em&#8221; header_3_text_align=&#8221;center&#8221; header_3_text_color=&#8221;#51B3D8&#8243; custom_margin=&#8221;||||false|false&#8221; hover_enabled=&#8221;0&#8243; global_colors_info=&#8221;{}&#8221; sticky_enabled=&#8221;0&#8243;]<\/p>\n<ul>\n<li>Audi AG Ingolstadt, Audi Forum \u201eS\u00fcdwind&#8221; Neckarsulm<\/li>\n<li>IABG Ottobrunn, Neubau Technologiezentrum<\/li>\n<li>M\u00fcnchener R\u00fcckversicherung AG, M\u00fcnchen, Umbau S\u00fcd 1<\/li>\n<li>Universit\u00e4t Heidelberg, Neubau Medizinische Klinik<\/li>\n<li>Universit\u00e4t Stuttgart, Neubau Informatik<\/li>\n<li>Gm\u00fcnder Ersatzkasse (GEK), Schw\u00e4bisch Gm\u00fcnd<\/li>\n<li>Kunstmuseum Schirn, Umbau, Frankfurt a. M.<\/li>\n<li>Europapark Rust<\/li>\n<li>Samson AG, Neubau Verwaltung<\/li>\n<li>Naxos-Halle Frankfurt a. M. (Theater Willy Praml)<\/li>\n<li>Conseil G\u00e9n\u00e9ral du Bas-Rhin, mehrere Anlagen<\/li>\n<li>Rathausum- und -neubauten in Gerlingen, Urbach, Bad Rappenau, Weissach, Walldorf, Ludwigshafen usw.<\/li>\n<li>Schulen wie die Ernst-Reuter-Schule, Dietzenbach (Forum), Geschwister-Scholl-Schule, Bensheim (Forum und Tonstudio)<\/li>\n<li>Kappelbergtunnel, Stuttgart (Akustikberechnung)<\/li>\n<li>Vereinigte Volksbank Maingau, Obertshausen-Hausen<\/li>\n<li>DB Cargo, Mainz<\/li>\n<li>Hessische Landeszentrale f. politische Bildung, Wiesbaden<\/li>\n<li>Freudenberg Service KG, Weinheim<\/li>\n<li>SAP AG, Walldorf<\/li>\n<li>Deutsche Telekom AG, mehrere Standorte,<\/li>\n<li>Max-Planck-Institute, Garching, Greifswald, Berlin (Programmierung)<\/li>\n<li>T-Online, Darmstadt und Bonn<\/li>\n<li>Zentrum f\u00fcr Europ\u00e4ische Wirtschaftsforschung (ZEW), Mannheim<\/li>\n<li>ZF-Getriebe, Friedrichshafen (Programmierung)<\/li>\n<li>Mehrere hochwertige Privatvillen in Deutschland, Italien und Spanien.<\/li>\n<\/ul>\n<p>[\/et_pb_text][\/et_pb_column][\/et_pb_row][\/et_pb_section]<\/p>\n","protected":false},"excerpt":{"rendered":"<p>Audi AG Ingolstadt, Audi Forum \u201eS\u00fcdwind&#8221; Neckarsulm IABG Ottobrunn, Neubau Technologiezentrum M\u00fcnchener R\u00fcckversicherung AG, M\u00fcnchen, Umbau S\u00fcd 1 Universit\u00e4t Heidelberg, Neubau Medizinische Klinik Universit\u00e4t Stuttgart, Neubau Informatik Gm\u00fcnder Ersatzkasse (GEK), Schw\u00e4bisch Gm\u00fcnd Kunstmuseum Schirn, Umbau, Frankfurt a. M. Europapark Rust Samson AG, Neubau Verwaltung Naxos-Halle Frankfurt a. M. (Theater Willy Praml) Conseil G\u00e9n\u00e9ral du Bas-Rhin, [&hellip;]<\/p>\n","protected":false},"author":2,"featured_media":0,"parent":0,"menu_order":0,"comment_status":"closed","ping_status":"closed","template":"","meta":{"_et_pb_use_builder":"on","_et_pb_old_content":"","_et_gb_content_width":""},"_links":{"self":[{"href":"https:\/\/www.project-innovations.de\/en\/wp-json\/wp\/v2\/pages\/165"}],"collection":[{"href":"https:\/\/www.project-innovations.de\/en\/wp-json\/wp\/v2\/pages"}],"about":[{"href":"https:\/\/www.project-innovations.de\/en\/wp-json\/wp\/v2\/types\/page"}],"author":[{"embeddable":true,"href":"https:\/\/www.project-innovations.de\/en\/wp-json\/wp\/v2\/users\/2"}],"replies":[{"embeddable":true,"href":"https:\/\/www.project-innovations.de\/en\/wp-json\/wp\/v2\/comments?post=165"}],"version-history":[{"count":2,"href":"https:\/\/www.project-innovations.de\/en\/wp-json\/wp\/v2\/pages\/165\/revisions"}],"predecessor-version":[{"id":167,"href":"https:\/\/www.project-innovations.de\/en\/wp-json\/wp\/v2\/pages\/165\/revisions\/167"}],"wp:attachment":[{"href":"https:\/\/www.project-innovations.de\/en\/wp-json\/wp\/v2\/media?parent=165"}],"curies":[{"name":"wp","href":"https:\/\/api.w.org\/{rel}","templated":true}]}}